{"id":91,"date":"2014-10-13T09:11:26","date_gmt":"2014-10-13T09:11:26","guid":{"rendered":"http:\/\/network.amsed.fr\/?page_id=91"},"modified":"2018-01-29T11:10:06","modified_gmt":"2018-01-29T09:10:06","slug":"sponsor","status":"publish","type":"page","link":"https:\/\/network.amsed.fr\/en\/sponsor\/","title":{"rendered":"Sponsors"},"content":{"rendered":"<table style=\"width: 100%;\" border=\"0\" cellspacing=\"2\" cellpadding=\"2\">\n<tbody>\n<tr>\n<td style=\"text-align: center; vertical-align: middle;\"><a href=\"http:\/\/network.amsed.fr\/wp-content\/uploads\/2014\/10\/FAIVE-2012_2-Copie-150x150.jpg\"><img decoding=\"async\" loading=\"lazy\" class=\"alignnone wp-image-246\" src=\"http:\/\/network.amsed.fr\/wp-content\/uploads\/2014\/10\/FAIVE-2012_2-Copie-150x150.jpg\" alt=\"FAIVE-2012_2-Copie-150x150\" width=\"153\" height=\"153\" srcset=\"https:\/\/network.amsed.fr\/wp-content\/uploads\/2014\/10\/FAIVE-2012_2-Copie-150x150.jpg 150w, https:\/\/network.amsed.fr\/wp-content\/uploads\/2014\/10\/FAIVE-2012_2-Copie-150x150-45x45.jpg 45w\" sizes=\"(max-width: 153px) 100vw, 153px\" \/><\/a><\/td>\n<td style=\"text-align: center; vertical-align: middle;\"><a href=\"http:\/\/network.amsed.fr\/wp-content\/uploads\/2014\/10\/erasmus-logo_mic.jpg\"><img decoding=\"async\" loading=\"lazy\" class=\"alignnone size-medium wp-image-178\" src=\"http:\/\/network.amsed.fr\/wp-content\/uploads\/2014\/10\/erasmus-logo_mic-300x85.jpg\" alt=\"erasmus+logo_mic\" width=\"300\" height=\"85\" srcset=\"https:\/\/network.amsed.fr\/wp-content\/uploads\/2014\/10\/erasmus-logo_mic-300x85.jpg 300w, https:\/\/network.amsed.fr\/wp-content\/uploads\/2014\/10\/erasmus-logo_mic.jpg 600w\" sizes=\"(max-width: 300px) 100vw, 300px\" \/><\/a><\/td>\n<td style=\"text-align: center; vertical-align: middle;\"><img decoding=\"async\" loading=\"lazy\" class=\"alignnone wp-image-193\" src=\"http:\/\/network.amsed.fr\/wp-content\/uploads\/2014\/10\/logo_strasbourg-300x74.jpg\" alt=\"logo_strasbourg\" width=\"200\" height=\"49\" srcset=\"https:\/\/network.amsed.fr\/wp-content\/uploads\/2014\/10\/logo_strasbourg-300x74.jpg 300w, https:\/\/network.amsed.fr\/wp-content\/uploads\/2014\/10\/logo_strasbourg-1024x252.jpg 1024w, https:\/\/network.amsed.fr\/wp-content\/uploads\/2014\/10\/logo_strasbourg.jpg 1417w\" sizes=\"(max-width: 200px) 100vw, 200px\" \/><\/td>\n<\/tr>\n<tr>\n<td style=\"text-align: center; vertical-align: middle;\"><\/td>\n<td style=\"text-align: center; vertical-align: middle;\">&#8230;<\/td>\n<td style=\"text-align: center; vertical-align: middle;\"><\/td>\n<\/tr>\n<tr>\n<td><img decoding=\"async\" loading=\"lazy\" class=\"aligncenter wp-image-177\" src=\"http:\/\/network.amsed.fr\/wp-content\/uploads\/2014\/10\/bas-rhin_niou-300x130.jpg\" alt=\"bas-rhin_niou\" width=\"200\" height=\"87\" srcset=\"https:\/\/network.amsed.fr\/wp-content\/uploads\/2014\/10\/bas-rhin_niou-300x130.jpg 300w, https:\/\/network.amsed.fr\/wp-content\/uploads\/2014\/10\/bas-rhin_niou.jpg 743w\" sizes=\"(max-width: 200px) 100vw, 200px\" \/><\/td>\n<td style=\"text-align: center; vertical-align: middle;\"><img decoding=\"async\" loading=\"lazy\" class=\"aligncenter wp-image-192 size-full\" src=\"http:\/\/network.amsed.fr\/wp-content\/uploads\/2014\/10\/Logo_Prefecture_67.jpg\" alt=\"Logo_Prefecture_67\" width=\"196\" height=\"168\" \/><\/td>\n<td style=\"text-align: center; vertical-align: middle;\"><img decoding=\"async\" loading=\"lazy\" class=\"alignnone wp-image-196\" src=\"http:\/\/network.amsed.fr\/wp-content\/uploads\/2014\/10\/PartenaireS_logodrjscs300_20140715150109_20140715130136-234x300.gif\" alt=\"PartenaireS_logodrjscs300_20140715150109_20140715130136\" width=\"150\" height=\"192\" \/><\/td>\n<\/tr>\n<tr>\n<td style=\"text-align: center; vertical-align: middle;\"><img decoding=\"async\" loading=\"lazy\" class=\"alignnone wp-image-182\" src=\"http:\/\/network.amsed.fr\/wp-content\/uploads\/2014\/10\/logo_acse_2008-300x185.jpg\" alt=\"logo_acse_2008\" width=\"200\" height=\"123\" srcset=\"https:\/\/network.amsed.fr\/wp-content\/uploads\/2014\/10\/logo_acse_2008-300x185.jpg 300w, https:\/\/network.amsed.fr\/wp-content\/uploads\/2014\/10\/logo_acse_2008.jpg 582w\" sizes=\"(max-width: 200px) 100vw, 200px\" \/><\/td>\n<td style=\"text-align: center; vertical-align: middle;\"><a href=\"http:\/\/network.amsed.fr\/sponsor\/afd\/#main\"><img decoding=\"async\" loading=\"lazy\" class=\"aligncenter wp-image-2841 size-medium\" src=\"http:\/\/network.amsed.fr\/wp-content\/uploads\/2018\/01\/afd-300x150.jpg\" alt=\"\" width=\"300\" height=\"150\" srcset=\"https:\/\/network.amsed.fr\/wp-content\/uploads\/2018\/01\/afd-300x150.jpg 300w, https:\/\/network.amsed.fr\/wp-content\/uploads\/2018\/01\/afd.jpg 318w\" sizes=\"(max-width: 300px) 100vw, 300px\" \/><\/a><\/td>\n<td style=\"text-align: center; vertical-align: middle;\"><img decoding=\"async\" loading=\"lazy\" class=\"aligncenter wp-image-179\" src=\"http:\/\/network.amsed.fr\/wp-content\/uploads\/2014\/10\/fonjep_rvb.png\" alt=\"fonjep_rvb\" width=\"200\" height=\"200\" srcset=\"https:\/\/network.amsed.fr\/wp-content\/uploads\/2014\/10\/fonjep_rvb.png 242w, https:\/\/network.amsed.fr\/wp-content\/uploads\/2014\/10\/fonjep_rvb-150x150.png 150w, https:\/\/network.amsed.fr\/wp-content\/uploads\/2014\/10\/fonjep_rvb-45x45.png 45w\" sizes=\"(max-width: 200px) 100vw, 200px\" \/><\/td>\n<\/tr>\n<tr>\n<td><img decoding=\"async\" loading=\"lazy\" class=\"aligncenter wp-image-243\" src=\"http:\/\/network.amsed.fr\/wp-content\/uploads\/2014\/10\/COE-Logo-Quadri-300x239.png\" alt=\"COE-Logo-Quadri\" width=\"200\" height=\"160\" srcset=\"https:\/\/network.amsed.fr\/wp-content\/uploads\/2014\/10\/COE-Logo-Quadri-300x239.png 300w, https:\/\/network.amsed.fr\/wp-content\/uploads\/2014\/10\/COE-Logo-Quadri.png 354w\" sizes=\"(max-width: 200px) 100vw, 200px\" \/><\/td>\n<td style=\"text-align: center; vertical-align: middle;\"><img decoding=\"async\" loading=\"lazy\" class=\"alignnone wp-image-2152\" src=\"http:\/\/network.amsed.fr\/wp-content\/uploads\/2014\/10\/fondation-elle-300x103.jpg\" alt=\"fondation-elle\" width=\"233\" height=\"80\" srcset=\"https:\/\/network.amsed.fr\/wp-content\/uploads\/2014\/10\/fondation-elle-300x103.jpg 300w, https:\/\/network.amsed.fr\/wp-content\/uploads\/2014\/10\/fondation-elle.jpg 500w\" sizes=\"(max-width: 233px) 100vw, 233px\" \/><\/td>\n<td style=\"text-align: center; vertical-align: middle;\"><img decoding=\"async\" loading=\"lazy\" class=\"alignnone wp-image-245\" src=\"http:\/\/network.amsed.fr\/wp-content\/uploads\/2014\/10\/OSI-300x70.jpg\" alt=\"Basic CMYK\" width=\"200\" height=\"47\" srcset=\"https:\/\/network.amsed.fr\/wp-content\/uploads\/2014\/10\/OSI-300x70.jpg 300w, https:\/\/network.amsed.fr\/wp-content\/uploads\/2014\/10\/OSI.jpg 1023w\" sizes=\"(max-width: 200px) 100vw, 200px\" \/><\/td>\n<\/tr>\n<tr>\n<td style=\"text-align: center; vertical-align: middle;\">\u00a0<img decoding=\"async\" loading=\"lazy\" class=\"alignnone wp-image-1759\" src=\"http:\/\/network.amsed.fr\/wp-content\/uploads\/2014\/10\/EYF_LOGO-300x286.png\" alt=\"EYF_LOGO\" width=\"179\" height=\"171\" srcset=\"https:\/\/network.amsed.fr\/wp-content\/uploads\/2014\/10\/EYF_LOGO-300x286.png 300w, https:\/\/network.amsed.fr\/wp-content\/uploads\/2014\/10\/EYF_LOGO.png 374w\" sizes=\"(max-width: 179px) 100vw, 179px\" \/><\/td>\n<td style=\"text-align: center; vertical-align: middle;\"><img decoding=\"async\" loading=\"lazy\" class=\"aligncenter wp-image-248\" src=\"http:\/\/network.amsed.fr\/wp-content\/uploads\/2014\/10\/Minist\u00e8re_des_Affaires_\u00e9trang\u00e8res_et_du_d\u00e9veloppement_international-300x300.jpeg\" alt=\"Minist\u00e8re_des_Affaires_\u00e9trang\u00e8res_et_du_d\u00e9veloppement_international\" width=\"192\" height=\"192\" srcset=\"https:\/\/network.amsed.fr\/wp-content\/uploads\/2014\/10\/Minist\u00e8re_des_Affaires_\u00e9trang\u00e8res_et_du_d\u00e9veloppement_international-300x300.jpeg 300w, https:\/\/network.amsed.fr\/wp-content\/uploads\/2014\/10\/Minist\u00e8re_des_Affaires_\u00e9trang\u00e8res_et_du_d\u00e9veloppement_international-150x150.jpeg 150w, https:\/\/network.amsed.fr\/wp-content\/uploads\/2014\/10\/Minist\u00e8re_des_Affaires_\u00e9trang\u00e8res_et_du_d\u00e9veloppement_international-45x45.jpeg 45w, https:\/\/network.amsed.fr\/wp-content\/uploads\/2014\/10\/Minist\u00e8re_des_Affaires_\u00e9trang\u00e8res_et_du_d\u00e9veloppement_international.jpeg 387w\" sizes=\"(max-width: 192px) 100vw, 192px\" \/><\/td>\n<td style=\"text-align: center; vertical-align: middle;\"><img decoding=\"async\" loading=\"lazy\" class=\"alignnone wp-image-2151\" src=\"http:\/\/network.amsed.fr\/wp-content\/uploads\/2014\/10\/logo_fondation_raja_2013-300x129.png\" alt=\"logo_fondation_raja_2013\" width=\"230\" height=\"99\" srcset=\"https:\/\/network.amsed.fr\/wp-content\/uploads\/2014\/10\/logo_fondation_raja_2013-300x129.png 300w, https:\/\/network.amsed.fr\/wp-content\/uploads\/2014\/10\/logo_fondation_raja_2013.png 979w\" sizes=\"(max-width: 230px) 100vw, 230px\" \/><\/td>\n<\/tr>\n<\/tbody>\n<\/table>\n","protected":false},"excerpt":{"rendered":"<p>&#8230; \u00a0<\/p>\n","protected":false},"author":7,"featured_media":0,"parent":0,"menu_order":0,"comment_status":"closed","ping_status":"closed","template":"","meta":[],"_links":{"self":[{"href":"https:\/\/network.amsed.fr\/en\/wp-json\/wp\/v2\/pages\/91"}],"collection":[{"href":"https:\/\/network.amsed.fr\/en\/wp-json\/wp\/v2\/pages"}],"about":[{"href":"https:\/\/network.amsed.fr\/en\/wp-json\/wp\/v2\/types\/page"}],"author":[{"embeddable":true,"href":"https:\/\/network.amsed.fr\/en\/wp-json\/wp\/v2\/users\/7"}],"replies":[{"embeddable":true,"href":"https:\/\/network.amsed.fr\/en\/wp-json\/wp\/v2\/comments?post=91"}],"version-history":[{"count":39,"href":"https:\/\/network.amsed.fr\/en\/wp-json\/wp\/v2\/pages\/91\/revisions"}],"predecessor-version":[{"id":2843,"href":"https:\/\/network.amsed.fr\/en\/wp-json\/wp\/v2\/pages\/91\/revisions\/2843"}],"wp:attachment":[{"href":"https:\/\/network.amsed.fr\/en\/wp-json\/wp\/v2\/media?parent=91"}],"curies":[{"name":"wp","href":"https:\/\/api.w.org\/{rel}","templated":true}]}}