{"id":3374,"date":"2018-05-09T15:59:55","date_gmt":"2018-05-09T13:59:55","guid":{"rendered":"http:\/\/network.amsed.fr\/?page_id=3374"},"modified":"2019-12-09T18:38:01","modified_gmt":"2019-12-09T16:38:01","slug":"le-patrimoine-culturel-europeen","status":"publish","type":"page","link":"https:\/\/network.amsed.fr\/en\/ressources\/le-patrimoine-culturel-europeen\/","title":{"rendered":"European Cultural Heritage"},"content":{"rendered":"<p>The European cultural heritage is a riche and diversified mosaic of cultural and creative expressions, that we inherited previous generations and that we bequeath to the future generations. It enriches life&#8217;s citizens, establishes a driving force for the sectors of the culture and creation, and contributes to the development of share capital in Europe. The conservation of the European cultural heritage is ensured by the mobilization of european institutions, associations and citizens.<\/p>\n<p><iframe loading=\"lazy\" title=\"Celebrating Europe\u2019s cultural heritage\" width=\"720\" height=\"405\" src=\"https:\/\/www.youtube.com\/embed\/RnUvso43aj4?feature=oembed\" frameborder=\"0\" allow=\"accelerometer; autoplay; encrypted-media; gyroscope; picture-in-picture\" allowfullscreen><\/iframe><\/p>\n<p><iframe loading=\"lazy\" title=\"L&#039;UE doit agir pour sauver son patrimoine culturel menac\u00e9 par le changement climatique\" width=\"720\" height=\"540\" src=\"https:\/\/www.youtube.com\/embed\/jxOJTCP4cG4?feature=oembed\" frameborder=\"0\" allow=\"accelerometer; autoplay; encrypted-media; gyroscope; picture-in-picture\" allowfullscreen><\/iframe><\/p>\n<p><iframe loading=\"lazy\" title=\"L&#039;ann\u00e9e europ\u00e9enne du patrimoine culturel 2018 - Bruno Favel, Direction g\u00e9n\u00e9rale des Patrimoines\" width=\"720\" height=\"405\" src=\"https:\/\/www.youtube.com\/embed\/J-It-HTwPDU?feature=oembed\" frameborder=\"0\" allow=\"accelerometer; autoplay; encrypted-media; gyroscope; picture-in-picture\" allowfullscreen><\/iframe><\/p>\n<p><iframe loading=\"lazy\" title=\"D\u00e9couvrez les mus\u00e9es d&#039;Europe \u00e0 l&#039;occasion des Journ\u00e9es europ\u00e9ennes du Patrimoine\" width=\"720\" height=\"540\" src=\"https:\/\/www.youtube.com\/embed\/HtY1DNpl1JY?feature=oembed\" frameborder=\"0\" allow=\"accelerometer; autoplay; encrypted-media; gyroscope; picture-in-picture\" allowfullscreen><\/iframe><\/p>\n<p><iframe loading=\"lazy\" title=\"Pr\u00e9servons aujourd&#039;hui l&#039;avenir | Journ\u00e9es europ\u00e9ennes du patrimoine 2018\" width=\"720\" height=\"405\" src=\"https:\/\/www.youtube.com\/embed\/hiRgTwcHtoA?feature=oembed\" frameborder=\"0\" allow=\"accelerometer; autoplay; encrypted-media; gyroscope; picture-in-picture\" allowfullscreen><\/iframe><\/p>\n<p><iframe loading=\"lazy\" title=\"L&#039;innovation au secours du patrimoine europ\u00e9en\" width=\"720\" height=\"405\" src=\"https:\/\/www.youtube.com\/embed\/LJsiRrX9aZc?feature=oembed\" frameborder=\"0\" allow=\"accelerometer; autoplay; encrypted-media; gyroscope; picture-in-picture\" allowfullscreen><\/iframe><\/p>\n<p><iframe loading=\"lazy\" title=\"Les Journ\u00e9es du Patrimoine 2019\" width=\"720\" height=\"405\" src=\"https:\/\/www.youtube.com\/embed\/FtqqbfK3u-Y?feature=oembed\" frameborder=\"0\" allow=\"accelerometer; autoplay; encrypted-media; gyroscope; picture-in-picture\" allowfullscreen><\/iframe><\/p>\n<p><iframe loading=\"lazy\" title=\"Quelle politique pour la diversit\u00e9 culturelle europ\u00e9enne ?\" width=\"720\" height=\"405\" src=\"https:\/\/www.youtube.com\/embed\/9O1C_38Ucq8?feature=oembed\" frameborder=\"0\" allow=\"accelerometer; autoplay; encrypted-media; gyroscope; picture-in-picture\" allowfullscreen><\/iframe><\/p>\n<p><iframe loading=\"lazy\" title=\"Les rendez-vous culturels en Europe\" width=\"720\" height=\"405\" src=\"https:\/\/www.youtube.com\/embed\/SpCxxw6AEks?feature=oembed\" frameborder=\"0\" allow=\"accelerometer; autoplay; encrypted-media; gyroscope; picture-in-picture\" allowfullscreen><\/iframe><\/p>\n<p>\u00a0<\/p>\n<p><iframe loading=\"lazy\" title=\"Meeting of AMSED Network and Youth Festival in Valencia\" width=\"720\" height=\"405\" src=\"https:\/\/www.youtube.com\/embed\/zB55Hfajnco?start=1&#038;feature=oembed\" frameborder=\"0\" allow=\"accelerometer; autoplay; encrypted-media; gyroscope; picture-in-picture\" allowfullscreen><\/iframe><\/p>\n<p><iframe loading=\"lazy\" title=\"La f\u00eate des cultures vue par l&#039;oeil des jeunes web trotteur : Housseim et L\u00e9na\" width=\"720\" height=\"405\" src=\"https:\/\/www.youtube.com\/embed\/9JykWyogLeo?feature=oembed\" frameborder=\"0\" allow=\"accelerometer; autoplay; encrypted-media; gyroscope; picture-in-picture\" allowfullscreen><\/iframe><\/p>\n<p><iframe loading=\"lazy\" title=\"Label du patrimoine Europ\u00e9en Strasbourg\" width=\"720\" height=\"405\" src=\"https:\/\/www.youtube.com\/embed\/YeQtA9TmDUU?start=49&#038;feature=oembed\" frameborder=\"0\" allow=\"accelerometer; autoplay; encrypted-media; gyroscope; picture-in-picture\" allowfullscreen><\/iframe><\/p>\n<p><iframe loading=\"lazy\" title=\"Ann\u00e9e europ\u00e9enne du patrimoine culturel 2018\" width=\"720\" height=\"405\" src=\"https:\/\/www.youtube.com\/embed\/SDpfLjJGr3A?feature=oembed\" frameborder=\"0\" allow=\"accelerometer; autoplay; encrypted-media; gyroscope; picture-in-picture\" allowfullscreen><\/iframe><\/p>\n<p><\/p>","protected":false},"excerpt":{"rendered":"<p>The European cultural heritage is a riche and diversified mosaic of cultural and creative expressions, that we inherited previous generations and that we bequeath to the future generations. It enriches life&#8217;s citizens, establishes a driving force for the sectors of the culture and creation, and contributes to the development of share capital in Europe. The [&hellip;]<\/p>\n","protected":false},"author":7,"featured_media":0,"parent":1629,"menu_order":0,"comment_status":"closed","ping_status":"closed","template":"","meta":[],"_links":{"self":[{"href":"https:\/\/network.amsed.fr\/en\/wp-json\/wp\/v2\/pages\/3374"}],"collection":[{"href":"https:\/\/network.amsed.fr\/en\/wp-json\/wp\/v2\/pages"}],"about":[{"href":"https:\/\/network.amsed.fr\/en\/wp-json\/wp\/v2\/types\/page"}],"author":[{"embeddable":true,"href":"https:\/\/network.amsed.fr\/en\/wp-json\/wp\/v2\/users\/7"}],"replies":[{"embeddable":true,"href":"https:\/\/network.amsed.fr\/en\/wp-json\/wp\/v2\/comments?post=3374"}],"version-history":[{"count":14,"href":"https:\/\/network.amsed.fr\/en\/wp-json\/wp\/v2\/pages\/3374\/revisions"}],"predecessor-version":[{"id":4659,"href":"https:\/\/network.amsed.fr\/en\/wp-json\/wp\/v2\/pages\/3374\/revisions\/4659"}],"up":[{"embeddable":true,"href":"https:\/\/network.amsed.fr\/en\/wp-json\/wp\/v2\/pages\/1629"}],"wp:attachment":[{"href":"https:\/\/network.amsed.fr\/en\/wp-json\/wp\/v2\/media?parent=3374"}],"curies":[{"name":"wp","href":"https:\/\/api.w.org\/{rel}","templated":true}]}}