{"id":3372,"date":"2018-05-09T15:50:34","date_gmt":"2018-05-09T13:50:34","guid":{"rendered":"http:\/\/network.amsed.fr\/?page_id=3372"},"modified":"2019-12-09T18:27:26","modified_gmt":"2019-12-09T16:27:26","slug":"la-citoyennete-democratique","status":"publish","type":"page","link":"https:\/\/network.amsed.fr\/en\/ressources\/la-citoyennete-democratique\/","title":{"rendered":"The European Democracy"},"content":{"rendered":"<p>The European citizenship is obtained by the member state&#8217;s nationalty of the European Union. It gives access to social and political rights as the voting right in the European elections. In that sense, the citizenship allows to protect and to value the democracy in Europe. Today, young people are campaigning for more active citizenship. Let&#8217;s commit for democracy.<\/p>\n<p><iframe loading=\"lazy\" title=\"Sensibiliser \u00e0 la citoyennet\u00e9 europ\u00e9enne\" width=\"720\" height=\"405\" src=\"https:\/\/www.youtube.com\/embed\/ff4UfQVw3Kg?feature=oembed\" frameborder=\"0\" allow=\"accelerometer; autoplay; encrypted-media; gyroscope; picture-in-picture\" allowfullscreen><\/iframe><\/p>\n<p><iframe loading=\"lazy\" title=\"Citoyennet\u00e9 europ\u00e9enne \/ Manipulation France 2\" width=\"720\" height=\"405\" src=\"https:\/\/www.youtube.com\/embed\/h-syGmAShDA?feature=oembed\" frameborder=\"0\" allow=\"accelerometer; autoplay; encrypted-media; gyroscope; picture-in-picture\" allowfullscreen><\/iframe><\/p>\n<p><iframe loading=\"lazy\" title=\"La citoyennet\u00e9 fran\u00e7aise et europ\u00e9enne\" width=\"720\" height=\"405\" src=\"https:\/\/www.youtube.com\/embed\/wzj8sVGNcQQ?feature=oembed\" frameborder=\"0\" allow=\"accelerometer; autoplay; encrypted-media; gyroscope; picture-in-picture\" allowfullscreen><\/iframe><\/p>\n<p><iframe loading=\"lazy\" title=\"Droit europ\u00e9en - C&#039;est quoi le droit ? #7\" width=\"720\" height=\"405\" src=\"https:\/\/www.youtube.com\/embed\/193j-zeiouM?feature=oembed\" frameborder=\"0\" allow=\"accelerometer; autoplay; encrypted-media; gyroscope; picture-in-picture\" allowfullscreen><\/iframe><\/p>\n<p><iframe loading=\"lazy\" title=\"Cours La citoyennet\u00e9 europ\u00e9enne\" width=\"720\" height=\"405\" src=\"https:\/\/www.youtube.com\/embed\/2mfCk22wRig?feature=oembed\" frameborder=\"0\" allow=\"accelerometer; autoplay; encrypted-media; gyroscope; picture-in-picture\" allowfullscreen><\/iframe><\/p>\n<p><iframe loading=\"lazy\" title=\"Interview : Citoyennet\u00e9 et d\u00e9mocratie, comment construire une autre Europe...\" width=\"720\" height=\"405\" src=\"https:\/\/www.youtube.com\/embed\/_C-62albONE?feature=oembed\" frameborder=\"0\" allow=\"accelerometer; autoplay; encrypted-media; gyroscope; picture-in-picture\" allowfullscreen><\/iframe><\/p>\n<p><iframe loading=\"lazy\" title=\"L&#039;Union Europ\u00e9enne, une DEMOCRATIE digne de ce nom\u00a0? (des institutions europ\u00e9ennes bancales?)\" width=\"720\" height=\"405\" src=\"https:\/\/www.youtube.com\/embed\/tuVK5XmfUcI?feature=oembed\" frameborder=\"0\" allow=\"accelerometer; autoplay; encrypted-media; gyroscope; picture-in-picture\" allowfullscreen><\/iframe><\/p>\n<p><iframe loading=\"lazy\" title=\"How Democratic Is The EU?\" width=\"720\" height=\"405\" src=\"https:\/\/www.youtube.com\/embed\/grbkJRb1p_w?feature=oembed\" frameborder=\"0\" allow=\"accelerometer; autoplay; encrypted-media; gyroscope; picture-in-picture\" allowfullscreen><\/iframe><\/p>\n<p><iframe loading=\"lazy\" title=\"Citoyennete\u0301 : quels enjeux pour l&#039;Europe ?\" width=\"720\" height=\"405\" src=\"https:\/\/www.youtube.com\/embed\/4RQ9wOjW7Fo?feature=oembed\" frameborder=\"0\" allow=\"accelerometer; autoplay; encrypted-media; gyroscope; picture-in-picture\" allowfullscreen><\/iframe><\/p>\n<p><iframe loading=\"lazy\" title=\"Micro trottoir sur la citoyennet\u00e9 europ\u00e9enne en Provence Alpes\" width=\"720\" height=\"405\" src=\"https:\/\/www.youtube.com\/embed\/IZLNJwuVl3w?feature=oembed\" frameborder=\"0\" allow=\"accelerometer; autoplay; encrypted-media; gyroscope; picture-in-picture\" allowfullscreen><\/iframe><\/p>\n<p><iframe loading=\"lazy\" title=\"Comment vote-t-on une loi europ\u00e9enne ?\" width=\"720\" height=\"405\" src=\"https:\/\/www.youtube.com\/embed\/MBOQ6nNyT6U?feature=oembed\" frameborder=\"0\" allow=\"accelerometer; autoplay; encrypted-media; gyroscope; picture-in-picture\" allowfullscreen><\/iframe><\/p>\n<p>https:\/\/www.youtube.com\/watch?v=0D_rOs2KNfE<\/p>","protected":false},"excerpt":{"rendered":"<p>The European citizenship is obtained by the member state&#8217;s nationalty of the European Union. It gives access to social and political rights as the voting right in the European elections. In that sense, the citizenship allows to protect and to value the democracy in Europe. Today, young people are campaigning for more active citizenship. Let&#8217;s [&hellip;]<\/p>\n","protected":false},"author":7,"featured_media":0,"parent":1629,"menu_order":0,"comment_status":"closed","ping_status":"closed","template":"","meta":[],"_links":{"self":[{"href":"https:\/\/network.amsed.fr\/en\/wp-json\/wp\/v2\/pages\/3372"}],"collection":[{"href":"https:\/\/network.amsed.fr\/en\/wp-json\/wp\/v2\/pages"}],"about":[{"href":"https:\/\/network.amsed.fr\/en\/wp-json\/wp\/v2\/types\/page"}],"author":[{"embeddable":true,"href":"https:\/\/network.amsed.fr\/en\/wp-json\/wp\/v2\/users\/7"}],"replies":[{"embeddable":true,"href":"https:\/\/network.amsed.fr\/en\/wp-json\/wp\/v2\/comments?post=3372"}],"version-history":[{"count":11,"href":"https:\/\/network.amsed.fr\/en\/wp-json\/wp\/v2\/pages\/3372\/revisions"}],"predecessor-version":[{"id":4657,"href":"https:\/\/network.amsed.fr\/en\/wp-json\/wp\/v2\/pages\/3372\/revisions\/4657"}],"up":[{"embeddable":true,"href":"https:\/\/network.amsed.fr\/en\/wp-json\/wp\/v2\/pages\/1629"}],"wp:attachment":[{"href":"https:\/\/network.amsed.fr\/en\/wp-json\/wp\/v2\/media?parent=3372"}],"curies":[{"name":"wp","href":"https:\/\/api.w.org\/{rel}","templated":true}]}}