{"id":204,"date":"2014-10-15T12:25:41","date_gmt":"2014-10-15T12:25:41","guid":{"rendered":"http:\/\/network.amsed.fr\/?page_id=204"},"modified":"2020-01-21T15:12:11","modified_gmt":"2020-01-21T13:12:11","slug":"contact","status":"publish","type":"page","link":"https:\/\/network.amsed.fr\/en\/contact\/","title":{"rendered":"Contact us"},"content":{"rendered":"<p><\/p>\n<p style=\"text-align: center;\"><div id=\"wpgmza_map\" class=\"wpgmza_map\" data-settings='{\"id\":\"1\",\"map_title\":\"Amsed HD\",\"map_width\":\"100\",\"map_height\":\"250\",\"map_start_lat\":\"48.576741\",\"map_start_lng\":\"7.770782\",\"map_start_location\":\"48.5767411,7.770782300000064\",\"map_start_zoom\":\"16\",\"default_marker\":\"0\",\"type\":\"1\",\"alignment\":\"4\",\"directions_enabled\":\"1\",\"styling_enabled\":\"0\",\"styling_json\":\"\",\"active\":\"0\",\"kml\":\"\",\"bicycle\":\"0\",\"traffic\":\"0\",\"dbox\":\"1\",\"dbox_width\":\"250\",\"listmarkers\":\"0\",\"listmarkers_advanced\":\"0\",\"filterbycat\":\"0\",\"ugm_enabled\":\"0\",\"ugm_category_enabled\":\"0\",\"fusion\":\"\",\"map_width_type\":\"\\\\%\",\"map_height_type\":\"px\",\"mass_marker_support\":\"1\",\"ugm_access\":\"0\",\"order_markers_by\":\"1\",\"order_markers_choice\":\"2\",\"show_user_location\":\"0\",\"default_to\":\"\",\"other_settings\":{\"store_locator_enabled\":2,\"store_locator_distance\":2,\"store_locator_bounce\":1,\"store_locator_query_string\":\"ZIP \\\/ Address:\",\"wpgmza_store_locator_restrict\":\"\",\"map_max_zoom\":\"1\",\"transport_layer\":0,\"wpgmza_theme_data\":\"\"}}' data-map-id='1' Data-maps-engine='' data-shortcode-attributes='{\"id\":\"1\"}' style=\"display:block; overflow:auto; width:100%; height:250px; float:left;\"><\/div><\/p>\n<p><strong>AMSED<\/strong> : <strong>Association Migration Solidarit\u00e9 et \u00c9changes pour le D\u00e9veloppement<\/strong><\/p>\n<ul>\n<li>17, rue de Boston \u2013 67 000 STRASBOURG, FRANCE<\/li>\n<li><strong>T\u00e9l<\/strong>. : 00 333 88 61 71 67<br \/>\n<strong>Fax<\/strong>: 00 333 88 61 71 67<br \/>\n<strong>Mobile:<\/strong> 00 336 61 34 26 03<\/li>\n<li><strong>Email<\/strong> : contact@amsed.fr<\/li>\n<li><strong>Working hours<\/strong>: 9h-12 \/ 14h-18H<\/li>\n<\/ul>\n<hr \/>\n<p>\n<div class=\"wpcf7 no-js\" id=\"wpcf7-f1349-o2\" lang=\"fr-FR\" dir=\"ltr\">\n<div class=\"screen-reader-response\"><p role=\"status\" aria-live=\"polite\" aria-atomic=\"true\"><\/p> <ul><\/ul><\/div>\n<form action=\"\/en\/wp-json\/wp\/v2\/pages\/204#wpcf7-f1349-o2\" method=\"post\" class=\"wpcf7-form init\" aria-label=\"Formulaire de contact\" novalidate=\"novalidate\" data-status=\"init\">\n<div style=\"display: none;\">\n<input type=\"hidden\" name=\"_wpcf7\" value=\"1349\" \/>\n<input type=\"hidden\" name=\"_wpcf7_version\" value=\"5.8.6\" \/>\n<input type=\"hidden\" name=\"_wpcf7_locale\" value=\"fr_FR\" \/>\n<input type=\"hidden\" name=\"_wpcf7_unit_tag\" value=\"wpcf7-f1349-o2\" \/>\n<input type=\"hidden\" name=\"_wpcf7_container_post\" value=\"0\" \/>\n<input type=\"hidden\" name=\"_wpcf7_posted_data_hash\" value=\"\" \/>\n<\/div>\n<p>Votre nom (obligatoire)\n<\/p>\n<p><span class=\"wpcf7-form-control-wrap\" data-name=\"your-name\"><input size=\"40\" class=\"wpcf7-form-control wpcf7-text wpcf7-validates-as-required\" aria-required=\"true\" aria-invalid=\"false\" value=\"\" type=\"text\" name=\"your-name\" \/><\/span>\n<\/p>\n<p>Votre email (obligatoire)\n<\/p>\n<p><span class=\"wpcf7-form-control-wrap\" data-name=\"your-email\"><input size=\"40\" class=\"wpcf7-form-control wpcf7-email wpcf7-validates-as-required wpcf7-text wpcf7-validates-as-email\" aria-required=\"true\" aria-invalid=\"false\" value=\"\" type=\"email\" name=\"your-email\" \/><\/span>\n<\/p>\n<p>Sujet\n<\/p>\n<p><span class=\"wpcf7-form-control-wrap\" data-name=\"your-subject\"><input size=\"40\" class=\"wpcf7-form-control wpcf7-text\" aria-invalid=\"false\" value=\"\" type=\"text\" name=\"your-subject\" \/><\/span>\n<\/p>\n<p>Votre message\n<\/p>\n<p><span class=\"wpcf7-form-control-wrap\" data-name=\"your-message\"><textarea cols=\"40\" rows=\"10\" class=\"wpcf7-form-control wpcf7-textarea\" aria-invalid=\"false\" name=\"your-message\"><\/textarea><\/span>\n<\/p>\n<p><input class=\"wpcf7-form-control wpcf7-submit has-spinner\" type=\"submit\" value=\"Envoyer\" \/>\n<\/p><div class=\"wpcf7-response-output\" aria-hidden=\"true\"><\/div>\n<\/form>\n<\/div>\n<\/p>","protected":false},"excerpt":{"rendered":"<p>AMSED : Association Migration Solidarit\u00e9 et \u00c9changes pour le D\u00e9veloppement 17, rue de Boston \u2013 67 000 STRASBOURG, FRANCE T\u00e9l. : 00 333 88 61 71 67 Fax: 00 333 88 61 71 67 Mobile: 00 336 61 34 26 03 Email : contact@amsed.fr Working hours: 9h-12 \/ 14h-18H<\/p>\n","protected":false},"author":7,"featured_media":0,"parent":0,"menu_order":0,"comment_status":"closed","ping_status":"closed","template":"","meta":[],"_links":{"self":[{"href":"https:\/\/network.amsed.fr\/en\/wp-json\/wp\/v2\/pages\/204"}],"collection":[{"href":"https:\/\/network.amsed.fr\/en\/wp-json\/wp\/v2\/pages"}],"about":[{"href":"https:\/\/network.amsed.fr\/en\/wp-json\/wp\/v2\/types\/page"}],"author":[{"embeddable":true,"href":"https:\/\/network.amsed.fr\/en\/wp-json\/wp\/v2\/users\/7"}],"replies":[{"embeddable":true,"href":"https:\/\/network.amsed.fr\/en\/wp-json\/wp\/v2\/comments?post=204"}],"version-history":[{"count":25,"href":"https:\/\/network.amsed.fr\/en\/wp-json\/wp\/v2\/pages\/204\/revisions"}],"predecessor-version":[{"id":3688,"href":"https:\/\/network.amsed.fr\/en\/wp-json\/wp\/v2\/pages\/204\/revisions\/3688"}],"wp:attachment":[{"href":"https:\/\/network.amsed.fr\/en\/wp-json\/wp\/v2\/media?parent=204"}],"curies":[{"name":"wp","href":"https:\/\/api.w.org\/{rel}","templated":true}]}}